{"id":34526,"date":"2024-11-12T22:14:15","date_gmt":"2024-11-12T22:14:15","guid":{"rendered":"https:\/\/new.teeptrak.com\/cita-de-demostracion\/"},"modified":"2026-01-15T14:36:41","modified_gmt":"2026-01-15T14:36:41","slug":"solicita-demostracion-teeptrak","status":"publish","type":"page","link":"https:\/\/www.teepchina.com\/es\/solicita-demostracion-teeptrak\/","title":{"rendered":"Solicita una demostraci\u00f3n"},"content":{"rendered":"<p>[et_pb_section fb_built=\u00bb1&#8243; _builder_version=\u00bb4.27.3&#8243; _module_preset=\u00bbdefault\u00bb custom_margin=\u00bb0px||0px||false|false\u00bb custom_padding=\u00bb52px||62px||false|false\u00bb global_colors_info=\u00bb{}\u00bb][et_pb_row _builder_version=\u00bb4.27.3&#8243; _module_preset=\u00bbdefault\u00bb custom_margin=\u00bb0px||0px||false|false\u00bb custom_padding=\u00bb0px||0px||false|false\u00bb global_colors_info=\u00bb{}\u00bb][et_pb_column type=\u00bb4_4&#8243; _builder_version=\u00bb4.27.3&#8243; _module_preset=\u00bbdefault\u00bb global_colors_info=\u00bb{}\u00bb][et_pb_code _builder_version=\u00bb4.27.3&#8243; _module_preset=\u00bbdefault\u00bb global_colors_info=\u00bb{}\u00bb custom_padding=\u00bb||0px|||\u00bb]<iframe src=\"https:\/\/www.teepchina.com\/es\/wp-json\/ssa\/v1\/embed-inner?integration&type&label&types=perftrak-demonstration-fr%2Cperftrak-live-demonstration-fr%2Cperftrak-light-demonstration-fr%2Cperftrak-opc-ua-demonstration-fr%2Cprocesstrak-demonstration-fr%2Cmonitrak-demonstration-fr%2Cmachine-learning-demonstration-fr%2Cpacetrak-demonstration-fr%2Cqualtrak-demonstration-fr&edit&view&payment_provider&ssa_locale=es_ES&ssa_is_rtl&sid=d859c65f03fa0512bc5380de751e55ec90ee2f54&availability_start_date&availability_end_date&suggest_first_available&suggest_first_available_within_minutes&flow&fallback_flow&time_view&date_view&appointment_types_view&version&accent_color&background&padding&font&booking_url=https%3A%2F%2Fwww.teepchina.com%2Fes%2Fsolicita-demostracion-teeptrak%2F&booking_post_id=34526&booking_title=Solicita+una+demostraci%C3%B3n&_wpnonce=3f944aa2c9&redirect_post_id&mepr_membership_id#\/\" height=\"400px\" width=\"100%\" name=\"ssa_booking\" loading=\"eager\" frameborder=\"0\" data-skip-lazy=\"1\" class=\"ssa_booking_iframe skip-lazy\" title=\"Reservar una hora\"><\/iframe>[\/et_pb_code][\/et_pb_column][\/et_pb_row][\/et_pb_section]<\/p>\n","protected":false},"excerpt":{"rendered":"<iframe src=\"https:\/\/www.teepchina.com\/es\/wp-json\/ssa\/v1\/embed-inner?integration&type&label&types=perftrak-demonstration-fr%2Cperftrak-live-demonstration-fr%2Cperftrak-light-demonstration-fr%2Cperftrak-opc-ua-demonstration-fr%2Cprocesstrak-demonstration-fr%2Cmonitrak-demonstration-fr%2Cmachine-learning-demonstration-fr%2Cpacetrak-demonstration-fr%2Cqualtrak-demonstration-fr&edit&view&payment_provider&ssa_locale=es_ES&ssa_is_rtl&sid=d859c65f03fa0512bc5380de751e55ec90ee2f54&availability_start_date&availability_end_date&suggest_first_available&suggest_first_available_within_minutes&flow&fallback_flow&time_view&date_view&appointment_types_view&version&accent_color&background&padding&font&booking_url=https%3A%2F%2Fwww.teepchina.com%2Fes%2Fet_pb_layout%2Fglobalheaderfr-20241110%2F&booking_post_id=32654&booking_title=GlobalHeaderFR-20241110&_wpnonce=3f944aa2c9&redirect_post_id&mepr_membership_id#\/\" height=\"400px\" width=\"100%\" name=\"ssa_booking\" loading=\"eager\" frameborder=\"0\" data-skip-lazy=\"1\" class=\"ssa_booking_iframe skip-lazy\" title=\"Reservar una hora\"><\/iframe>\n","protected":false},"author":1,"featured_media":0,"parent":0,"menu_order":0,"comment_status":"closed","ping_status":"closed","template":"","meta":{"_et_pb_use_builder":"on","_et_pb_old_content":"","_et_gb_content_width":"","footnotes":""},"class_list":["post-34526","page","type-page","status-publish","hentry"],"yoast_head":"<!-- This site is optimized with the Yoast SEO plugin v27.4 - https:\/\/yoast.com\/product\/yoast-seo-wordpress\/ -->\n<title>Solicita una demostraci\u00f3n - TEEPTRAK<\/title>\n<meta name=\"description\" content=\"Solicita una demostraci\u00f3n: agenda una presentaci\u00f3n personalizada y mejora el rendimiento de tu planta con TEEPTRAK.\" \/>\n<meta name=\"robots\" content=\"index, follow, max-snippet:-1, max-image-preview:large, max-video-preview:-1\" \/>\n<link rel=\"canonical\" href=\"https:\/\/www.teepchina.com\/es\/solicita-demostracion-teeptrak\/\" \/>\n<meta property=\"og:locale\" content=\"es_ES\" \/>\n<meta property=\"og:type\" content=\"article\" \/>\n<meta property=\"og:title\" content=\"Solicita una demostraci\u00f3n - TEEPTRAK\" \/>\n<meta property=\"og:description\" content=\"Solicita una demostraci\u00f3n: agenda una presentaci\u00f3n personalizada y mejora el rendimiento de tu planta con TEEPTRAK.\" \/>\n<meta property=\"og:url\" content=\"https:\/\/www.teepchina.com\/es\/solicita-demostracion-teeptrak\/\" \/>\n<meta property=\"og:site_name\" content=\"TEEPTRAK\" \/>\n<meta property=\"article:modified_time\" content=\"2026-01-15T14:36:41+00:00\" \/>\n<meta name=\"twitter:card\" content=\"summary_large_image\" \/>\n<script type=\"application\/ld+json\" class=\"yoast-schema-graph\">{\"@context\":\"https:\\\/\\\/schema.org\",\"@graph\":[{\"@type\":\"WebPage\",\"@id\":\"https:\\\/\\\/www.teepchina.com\\\/es\\\/solicita-demostracion-teeptrak\\\/\",\"url\":\"https:\\\/\\\/www.teepchina.com\\\/es\\\/solicita-demostracion-teeptrak\\\/\",\"name\":\"Solicita una demostraci\u00f3n - TEEPTRAK\",\"isPartOf\":{\"@id\":\"https:\\\/\\\/www.teepchina.com\\\/es\\\/#website\"},\"datePublished\":\"2024-11-12T22:14:15+00:00\",\"dateModified\":\"2026-01-15T14:36:41+00:00\",\"description\":\"Solicita una demostraci\u00f3n: agenda una presentaci\u00f3n personalizada y mejora el rendimiento de tu planta con TEEPTRAK.\",\"breadcrumb\":{\"@id\":\"https:\\\/\\\/www.teepchina.com\\\/es\\\/solicita-demostracion-teeptrak\\\/#breadcrumb\"},\"inLanguage\":\"es\",\"potentialAction\":[{\"@type\":\"ReadAction\",\"target\":[\"https:\\\/\\\/www.teepchina.com\\\/es\\\/solicita-demostracion-teeptrak\\\/\"]}]},{\"@type\":\"BreadcrumbList\",\"@id\":\"https:\\\/\\\/www.teepchina.com\\\/es\\\/solicita-demostracion-teeptrak\\\/#breadcrumb\",\"itemListElement\":[{\"@type\":\"ListItem\",\"position\":1,\"name\":\"Accueil\",\"item\":\"https:\\\/\\\/www.teepchina.com\\\/es\\\/\"},{\"@type\":\"ListItem\",\"position\":2,\"name\":\"Solicita una demostraci\u00f3n\"}]},{\"@type\":\"WebSite\",\"@id\":\"https:\\\/\\\/www.teepchina.com\\\/es\\\/#website\",\"url\":\"https:\\\/\\\/www.teepchina.com\\\/es\\\/\",\"name\":\"TEEPTRAK\",\"description\":\"Optimisez votre potentiel industriel\",\"publisher\":{\"@id\":\"https:\\\/\\\/www.teepchina.com\\\/es\\\/#organization\"},\"potentialAction\":[{\"@type\":\"SearchAction\",\"target\":{\"@type\":\"EntryPoint\",\"urlTemplate\":\"https:\\\/\\\/www.teepchina.com\\\/es\\\/?s={search_term_string}\"},\"query-input\":{\"@type\":\"PropertyValueSpecification\",\"valueRequired\":true,\"valueName\":\"search_term_string\"}}],\"inLanguage\":\"es\"},{\"@type\":\"Organization\",\"@id\":\"https:\\\/\\\/www.teepchina.com\\\/es\\\/#organization\",\"name\":\"TEEPTRAK\",\"url\":\"https:\\\/\\\/www.teepchina.com\\\/es\\\/\",\"logo\":{\"@type\":\"ImageObject\",\"inLanguage\":\"es\",\"@id\":\"https:\\\/\\\/www.teepchina.com\\\/es\\\/#\\\/schema\\\/logo\\\/image\\\/\",\"url\":\"https:\\\/\\\/www.teepchina.com\\\/wp-content\\\/uploads\\\/2023\\\/05\\\/cropped-Capture-decran-2023-05-04-112832.png\",\"contentUrl\":\"https:\\\/\\\/www.teepchina.com\\\/wp-content\\\/uploads\\\/2023\\\/05\\\/cropped-Capture-decran-2023-05-04-112832.png\",\"width\":512,\"height\":512,\"caption\":\"TEEPTRAK\"},\"image\":{\"@id\":\"https:\\\/\\\/www.teepchina.com\\\/es\\\/#\\\/schema\\\/logo\\\/image\\\/\"},\"sameAs\":[\"https:\\\/\\\/www.linkedin.com\\\/company\\\/teeptrak\\\/\",\"https:\\\/\\\/www.linkedin.com\\\/company\\\/teeptrakinternational\\\/\"]}]}<\/script>\n<!-- \/ Yoast SEO plugin. -->","yoast_head_json":{"title":"Solicita una demostraci\u00f3n - TEEPTRAK","description":"Solicita una demostraci\u00f3n: agenda una presentaci\u00f3n personalizada y mejora el rendimiento de tu planta con TEEPTRAK.","robots":{"index":"index","follow":"follow","max-snippet":"max-snippet:-1","max-image-preview":"max-image-preview:large","max-video-preview":"max-video-preview:-1"},"canonical":"https:\/\/www.teepchina.com\/es\/solicita-demostracion-teeptrak\/","og_locale":"es_ES","og_type":"article","og_title":"Solicita una demostraci\u00f3n - TEEPTRAK","og_description":"Solicita una demostraci\u00f3n: agenda una presentaci\u00f3n personalizada y mejora el rendimiento de tu planta con TEEPTRAK.","og_url":"https:\/\/www.teepchina.com\/es\/solicita-demostracion-teeptrak\/","og_site_name":"TEEPTRAK","article_modified_time":"2026-01-15T14:36:41+00:00","twitter_card":"summary_large_image","schema":{"@context":"https:\/\/schema.org","@graph":[{"@type":"WebPage","@id":"https:\/\/www.teepchina.com\/es\/solicita-demostracion-teeptrak\/","url":"https:\/\/www.teepchina.com\/es\/solicita-demostracion-teeptrak\/","name":"Solicita una demostraci\u00f3n - TEEPTRAK","isPartOf":{"@id":"https:\/\/www.teepchina.com\/es\/#website"},"datePublished":"2024-11-12T22:14:15+00:00","dateModified":"2026-01-15T14:36:41+00:00","description":"Solicita una demostraci\u00f3n: agenda una presentaci\u00f3n personalizada y mejora el rendimiento de tu planta con TEEPTRAK.","breadcrumb":{"@id":"https:\/\/www.teepchina.com\/es\/solicita-demostracion-teeptrak\/#breadcrumb"},"inLanguage":"es","potentialAction":[{"@type":"ReadAction","target":["https:\/\/www.teepchina.com\/es\/solicita-demostracion-teeptrak\/"]}]},{"@type":"BreadcrumbList","@id":"https:\/\/www.teepchina.com\/es\/solicita-demostracion-teeptrak\/#breadcrumb","itemListElement":[{"@type":"ListItem","position":1,"name":"Accueil","item":"https:\/\/www.teepchina.com\/es\/"},{"@type":"ListItem","position":2,"name":"Solicita una demostraci\u00f3n"}]},{"@type":"WebSite","@id":"https:\/\/www.teepchina.com\/es\/#website","url":"https:\/\/www.teepchina.com\/es\/","name":"TEEPTRAK","description":"Optimisez votre potentiel industriel","publisher":{"@id":"https:\/\/www.teepchina.com\/es\/#organization"},"potentialAction":[{"@type":"SearchAction","target":{"@type":"EntryPoint","urlTemplate":"https:\/\/www.teepchina.com\/es\/?s={search_term_string}"},"query-input":{"@type":"PropertyValueSpecification","valueRequired":true,"valueName":"search_term_string"}}],"inLanguage":"es"},{"@type":"Organization","@id":"https:\/\/www.teepchina.com\/es\/#organization","name":"TEEPTRAK","url":"https:\/\/www.teepchina.com\/es\/","logo":{"@type":"ImageObject","inLanguage":"es","@id":"https:\/\/www.teepchina.com\/es\/#\/schema\/logo\/image\/","url":"https:\/\/www.teepchina.com\/wp-content\/uploads\/2023\/05\/cropped-Capture-decran-2023-05-04-112832.png","contentUrl":"https:\/\/www.teepchina.com\/wp-content\/uploads\/2023\/05\/cropped-Capture-decran-2023-05-04-112832.png","width":512,"height":512,"caption":"TEEPTRAK"},"image":{"@id":"https:\/\/www.teepchina.com\/es\/#\/schema\/logo\/image\/"},"sameAs":["https:\/\/www.linkedin.com\/company\/teeptrak\/","https:\/\/www.linkedin.com\/company\/teeptrakinternational\/"]}]}},"_links":{"self":[{"href":"https:\/\/www.teepchina.com\/es\/wp-json\/wp\/v2\/pages\/34526","targetHints":{"allow":["GET"]}}],"collection":[{"href":"https:\/\/www.teepchina.com\/es\/wp-json\/wp\/v2\/pages"}],"about":[{"href":"https:\/\/www.teepchina.com\/es\/wp-json\/wp\/v2\/types\/page"}],"author":[{"embeddable":true,"href":"https:\/\/www.teepchina.com\/es\/wp-json\/wp\/v2\/users\/1"}],"replies":[{"embeddable":true,"href":"https:\/\/www.teepchina.com\/es\/wp-json\/wp\/v2\/comments?post=34526"}],"version-history":[{"count":7,"href":"https:\/\/www.teepchina.com\/es\/wp-json\/wp\/v2\/pages\/34526\/revisions"}],"predecessor-version":[{"id":73275,"href":"https:\/\/www.teepchina.com\/es\/wp-json\/wp\/v2\/pages\/34526\/revisions\/73275"}],"wp:attachment":[{"href":"https:\/\/www.teepchina.com\/es\/wp-json\/wp\/v2\/media?parent=34526"}],"curies":[{"name":"wp","href":"https:\/\/api.w.org\/{rel}","templated":true}]}}