{"id":33580,"date":"2024-11-12T22:14:15","date_gmt":"2024-11-12T22:14:15","guid":{"rendered":"https:\/\/new.teeptrak.com\/?page_id=33580"},"modified":"2026-01-15T12:27:45","modified_gmt":"2026-01-15T12:27:45","slug":"rdv-demo","status":"publish","type":"page","link":"https:\/\/www.teepchina.com\/fr\/rdv-demo\/","title":{"rendered":"Demande de d\u00e9mo"},"content":{"rendered":"<p>[et_pb_section fb_built=\u00a0\u00bb1&Prime; _builder_version=\u00a0\u00bb4.27.3&Prime; _module_preset=\u00a0\u00bbdefault\u00a0\u00bb custom_margin=\u00a0\u00bb0px||0px||false|false\u00a0\u00bb custom_padding=\u00a0\u00bb52px||62px||false|false\u00a0\u00bb global_colors_info=\u00a0\u00bb{}\u00a0\u00bb][et_pb_row _builder_version=\u00a0\u00bb4.27.3&Prime; _module_preset=\u00a0\u00bbdefault\u00a0\u00bb custom_margin=\u00a0\u00bb0px||0px||false|false\u00a0\u00bb custom_padding=\u00a0\u00bb0px||0px||false|false\u00a0\u00bb global_colors_info=\u00a0\u00bb{}\u00a0\u00bb][et_pb_column type=\u00a0\u00bb4_4&Prime; _builder_version=\u00a0\u00bb4.27.3&Prime; _module_preset=\u00a0\u00bbdefault\u00a0\u00bb global_colors_info=\u00a0\u00bb{}\u00a0\u00bb][et_pb_code _builder_version=\u00a0\u00bb4.27.3&Prime; _module_preset=\u00a0\u00bbdefault\u00a0\u00bb global_colors_info=\u00a0\u00bb{}\u00a0\u00bb custom_padding=\u00a0\u00bb||0px|||\u00a0\u00bb]<iframe src=\"https:\/\/www.teepchina.com\/fr\/wp-json\/ssa\/v1\/embed-inner?integration&type&label&types=perftrak-demonstration-fr%2Cperftrak-live-demonstration-fr%2Cperftrak-light-demonstration-fr%2Cperftrak-opc-ua-demonstration-fr%2Cprocesstrak-demonstration-fr%2Cmonitrak-demonstration-fr%2Cmachine-learning-demonstration-fr%2Cpacetrak-demonstration-fr%2Cqualtrak-demonstration-fr&edit&view&payment_provider&ssa_locale=fr_FR&ssa_is_rtl&sid=d859c65f03fa0512bc5380de751e55ec90ee2f54&availability_start_date&availability_end_date&suggest_first_available&suggest_first_available_within_minutes&flow&fallback_flow&time_view&date_view&appointment_types_view&version&accent_color&background&padding&font&booking_url=https%3A%2F%2Fwww.teepchina.com%2Ffr%2Frdv-demo%2F&booking_post_id=33580&booking_title=Demande+de+d%C3%A9mo&_wpnonce=3f944aa2c9&redirect_post_id&mepr_membership_id#\/\" height=\"400px\" width=\"100%\" name=\"ssa_booking\" loading=\"eager\" frameborder=\"0\" data-skip-lazy=\"1\" class=\"ssa_booking_iframe skip-lazy\" title=\"R\u00e9servez une heure\"><\/iframe>[\/et_pb_code][\/et_pb_column][\/et_pb_row][\/et_pb_section]<\/p>\n","protected":false},"excerpt":{"rendered":"<iframe src=\"https:\/\/www.teepchina.com\/fr\/wp-json\/ssa\/v1\/embed-inner?integration&type&label&types=perftrak-demonstration-fr%2Cperftrak-live-demonstration-fr%2Cperftrak-light-demonstration-fr%2Cperftrak-opc-ua-demonstration-fr%2Cprocesstrak-demonstration-fr%2Cmonitrak-demonstration-fr%2Cmachine-learning-demonstration-fr%2Cpacetrak-demonstration-fr%2Cqualtrak-demonstration-fr&edit&view&payment_provider&ssa_locale=fr_FR&ssa_is_rtl&sid=d859c65f03fa0512bc5380de751e55ec90ee2f54&availability_start_date&availability_end_date&suggest_first_available&suggest_first_available_within_minutes&flow&fallback_flow&time_view&date_view&appointment_types_view&version&accent_color&background&padding&font&booking_url=https%3A%2F%2Fwww.teepchina.com%2Ffr%2Fet_pb_layout%2Fetiquette%2F&booking_post_id=25024&booking_title=etiquette&_wpnonce=3f944aa2c9&redirect_post_id&mepr_membership_id#\/\" height=\"400px\" width=\"100%\" name=\"ssa_booking\" loading=\"eager\" frameborder=\"0\" data-skip-lazy=\"1\" class=\"ssa_booking_iframe skip-lazy\" title=\"R\u00e9servez une heure\"><\/iframe>\n","protected":false},"author":1,"featured_media":0,"parent":0,"menu_order":0,"comment_status":"closed","ping_status":"closed","template":"","meta":{"_et_pb_use_builder":"on","_et_pb_old_content":"","_et_gb_content_width":"","footnotes":""},"class_list":["post-33580","page","type-page","status-publish","hentry"],"yoast_head":"<!-- This site is optimized with the Yoast SEO plugin v27.4 - https:\/\/yoast.com\/product\/yoast-seo-wordpress\/ -->\n<title>Demande de d\u00e9mo - TEEPTRAK - Connect to your industrial potential<\/title>\n<meta name=\"description\" content=\"Nous contacter pour une d\u00e9mo TEEPTRAK : voyez comment am\u00e9liorer votre TRS avec notre solution de suivi de performance.\" \/>\n<meta name=\"robots\" content=\"index, follow, max-snippet:-1, max-image-preview:large, max-video-preview:-1\" \/>\n<link rel=\"canonical\" href=\"https:\/\/www.teepchina.com\/fr\/rdv-demo\/\" \/>\n<meta property=\"og:locale\" content=\"fr_FR\" \/>\n<meta property=\"og:type\" content=\"article\" \/>\n<meta property=\"og:title\" content=\"Demande de d\u00e9mo - TEEPTRAK - Connect to your industrial potential\" \/>\n<meta property=\"og:description\" content=\"Nous contacter pour une d\u00e9mo TEEPTRAK : voyez comment am\u00e9liorer votre TRS avec notre solution de suivi de performance.\" \/>\n<meta property=\"og:url\" content=\"https:\/\/www.teepchina.com\/fr\/rdv-demo\/\" \/>\n<meta property=\"og:site_name\" content=\"TEEPTRAK - Connect to your industrial potential\" \/>\n<meta property=\"article:modified_time\" content=\"2026-01-15T12:27:45+00:00\" \/>\n<meta name=\"twitter:card\" content=\"summary_large_image\" \/>\n<script type=\"application\/ld+json\" class=\"yoast-schema-graph\">{\"@context\":\"https:\\\/\\\/schema.org\",\"@graph\":[{\"@type\":\"WebPage\",\"@id\":\"https:\\\/\\\/www.teepchina.com\\\/fr\\\/rdv-demo\\\/\",\"url\":\"https:\\\/\\\/www.teepchina.com\\\/fr\\\/rdv-demo\\\/\",\"name\":\"Demande de d\u00e9mo - TEEPTRAK - Connect to your industrial potential\",\"isPartOf\":{\"@id\":\"https:\\\/\\\/www.teepchina.com\\\/fr\\\/#website\"},\"datePublished\":\"2024-11-12T22:14:15+00:00\",\"dateModified\":\"2026-01-15T12:27:45+00:00\",\"description\":\"Nous contacter pour une d\u00e9mo TEEPTRAK : voyez comment am\u00e9liorer votre TRS avec notre solution de suivi de performance.\",\"breadcrumb\":{\"@id\":\"https:\\\/\\\/www.teepchina.com\\\/fr\\\/rdv-demo\\\/#breadcrumb\"},\"inLanguage\":\"fr-FR\",\"potentialAction\":[{\"@type\":\"ReadAction\",\"target\":[\"https:\\\/\\\/www.teepchina.com\\\/fr\\\/rdv-demo\\\/\"]}]},{\"@type\":\"BreadcrumbList\",\"@id\":\"https:\\\/\\\/www.teepchina.com\\\/fr\\\/rdv-demo\\\/#breadcrumb\",\"itemListElement\":[{\"@type\":\"ListItem\",\"position\":1,\"name\":\"Accueil\",\"item\":\"https:\\\/\\\/www.teepchina.com\\\/fr\\\/\"},{\"@type\":\"ListItem\",\"position\":2,\"name\":\"Demande de d\u00e9mo\"}]},{\"@type\":\"WebSite\",\"@id\":\"https:\\\/\\\/www.teepchina.com\\\/fr\\\/#website\",\"url\":\"https:\\\/\\\/www.teepchina.com\\\/fr\\\/\",\"name\":\"TEEPTRAK\",\"description\":\"Optimisez votre potentiel industriel\",\"publisher\":{\"@id\":\"https:\\\/\\\/www.teepchina.com\\\/fr\\\/#organization\"},\"potentialAction\":[{\"@type\":\"SearchAction\",\"target\":{\"@type\":\"EntryPoint\",\"urlTemplate\":\"https:\\\/\\\/www.teepchina.com\\\/fr\\\/?s={search_term_string}\"},\"query-input\":{\"@type\":\"PropertyValueSpecification\",\"valueRequired\":true,\"valueName\":\"search_term_string\"}}],\"inLanguage\":\"fr-FR\"},{\"@type\":\"Organization\",\"@id\":\"https:\\\/\\\/www.teepchina.com\\\/fr\\\/#organization\",\"name\":\"TEEPTRAK\",\"url\":\"https:\\\/\\\/www.teepchina.com\\\/fr\\\/\",\"logo\":{\"@type\":\"ImageObject\",\"inLanguage\":\"fr-FR\",\"@id\":\"https:\\\/\\\/www.teepchina.com\\\/fr\\\/#\\\/schema\\\/logo\\\/image\\\/\",\"url\":\"https:\\\/\\\/www.teepchina.com\\\/wp-content\\\/uploads\\\/2023\\\/05\\\/cropped-Capture-decran-2023-05-04-112832.png\",\"contentUrl\":\"https:\\\/\\\/www.teepchina.com\\\/wp-content\\\/uploads\\\/2023\\\/05\\\/cropped-Capture-decran-2023-05-04-112832.png\",\"width\":512,\"height\":512,\"caption\":\"TEEPTRAK\"},\"image\":{\"@id\":\"https:\\\/\\\/www.teepchina.com\\\/fr\\\/#\\\/schema\\\/logo\\\/image\\\/\"},\"sameAs\":[\"https:\\\/\\\/www.linkedin.com\\\/company\\\/teeptrak\\\/\",\"https:\\\/\\\/www.linkedin.com\\\/company\\\/teeptrakinternational\\\/\"]}]}<\/script>\n<!-- \/ Yoast SEO plugin. -->","yoast_head_json":{"title":"Demande de d\u00e9mo - TEEPTRAK - Connect to your industrial potential","description":"Nous contacter pour une d\u00e9mo TEEPTRAK : voyez comment am\u00e9liorer votre TRS avec notre solution de suivi de performance.","robots":{"index":"index","follow":"follow","max-snippet":"max-snippet:-1","max-image-preview":"max-image-preview:large","max-video-preview":"max-video-preview:-1"},"canonical":"https:\/\/www.teepchina.com\/fr\/rdv-demo\/","og_locale":"fr_FR","og_type":"article","og_title":"Demande de d\u00e9mo - TEEPTRAK - Connect to your industrial potential","og_description":"Nous contacter pour une d\u00e9mo TEEPTRAK : voyez comment am\u00e9liorer votre TRS avec notre solution de suivi de performance.","og_url":"https:\/\/www.teepchina.com\/fr\/rdv-demo\/","og_site_name":"TEEPTRAK - Connect to your industrial potential","article_modified_time":"2026-01-15T12:27:45+00:00","twitter_card":"summary_large_image","schema":{"@context":"https:\/\/schema.org","@graph":[{"@type":"WebPage","@id":"https:\/\/www.teepchina.com\/fr\/rdv-demo\/","url":"https:\/\/www.teepchina.com\/fr\/rdv-demo\/","name":"Demande de d\u00e9mo - TEEPTRAK - Connect to your industrial potential","isPartOf":{"@id":"https:\/\/www.teepchina.com\/fr\/#website"},"datePublished":"2024-11-12T22:14:15+00:00","dateModified":"2026-01-15T12:27:45+00:00","description":"Nous contacter pour une d\u00e9mo TEEPTRAK : voyez comment am\u00e9liorer votre TRS avec notre solution de suivi de performance.","breadcrumb":{"@id":"https:\/\/www.teepchina.com\/fr\/rdv-demo\/#breadcrumb"},"inLanguage":"fr-FR","potentialAction":[{"@type":"ReadAction","target":["https:\/\/www.teepchina.com\/fr\/rdv-demo\/"]}]},{"@type":"BreadcrumbList","@id":"https:\/\/www.teepchina.com\/fr\/rdv-demo\/#breadcrumb","itemListElement":[{"@type":"ListItem","position":1,"name":"Accueil","item":"https:\/\/www.teepchina.com\/fr\/"},{"@type":"ListItem","position":2,"name":"Demande de d\u00e9mo"}]},{"@type":"WebSite","@id":"https:\/\/www.teepchina.com\/fr\/#website","url":"https:\/\/www.teepchina.com\/fr\/","name":"TEEPTRAK","description":"Optimisez votre potentiel industriel","publisher":{"@id":"https:\/\/www.teepchina.com\/fr\/#organization"},"potentialAction":[{"@type":"SearchAction","target":{"@type":"EntryPoint","urlTemplate":"https:\/\/www.teepchina.com\/fr\/?s={search_term_string}"},"query-input":{"@type":"PropertyValueSpecification","valueRequired":true,"valueName":"search_term_string"}}],"inLanguage":"fr-FR"},{"@type":"Organization","@id":"https:\/\/www.teepchina.com\/fr\/#organization","name":"TEEPTRAK","url":"https:\/\/www.teepchina.com\/fr\/","logo":{"@type":"ImageObject","inLanguage":"fr-FR","@id":"https:\/\/www.teepchina.com\/fr\/#\/schema\/logo\/image\/","url":"https:\/\/www.teepchina.com\/wp-content\/uploads\/2023\/05\/cropped-Capture-decran-2023-05-04-112832.png","contentUrl":"https:\/\/www.teepchina.com\/wp-content\/uploads\/2023\/05\/cropped-Capture-decran-2023-05-04-112832.png","width":512,"height":512,"caption":"TEEPTRAK"},"image":{"@id":"https:\/\/www.teepchina.com\/fr\/#\/schema\/logo\/image\/"},"sameAs":["https:\/\/www.linkedin.com\/company\/teeptrak\/","https:\/\/www.linkedin.com\/company\/teeptrakinternational\/"]}]}},"_links":{"self":[{"href":"https:\/\/www.teepchina.com\/fr\/wp-json\/wp\/v2\/pages\/33580","targetHints":{"allow":["GET"]}}],"collection":[{"href":"https:\/\/www.teepchina.com\/fr\/wp-json\/wp\/v2\/pages"}],"about":[{"href":"https:\/\/www.teepchina.com\/fr\/wp-json\/wp\/v2\/types\/page"}],"author":[{"embeddable":true,"href":"https:\/\/www.teepchina.com\/fr\/wp-json\/wp\/v2\/users\/1"}],"replies":[{"embeddable":true,"href":"https:\/\/www.teepchina.com\/fr\/wp-json\/wp\/v2\/comments?post=33580"}],"version-history":[{"count":21,"href":"https:\/\/www.teepchina.com\/fr\/wp-json\/wp\/v2\/pages\/33580\/revisions"}],"predecessor-version":[{"id":73096,"href":"https:\/\/www.teepchina.com\/fr\/wp-json\/wp\/v2\/pages\/33580\/revisions\/73096"}],"wp:attachment":[{"href":"https:\/\/www.teepchina.com\/fr\/wp-json\/wp\/v2\/media?parent=33580"}],"curies":[{"name":"wp","href":"https:\/\/api.w.org\/{rel}","templated":true}]}}